{"id":2925,"date":"2025-07-29T08:48:44","date_gmt":"2025-07-29T08:48:44","guid":{"rendered":"https:\/\/naturaparc.net\/experiencia-loris\/"},"modified":"2025-08-30T13:12:28","modified_gmt":"2025-08-30T13:12:28","slug":"experiencia-loris","status":"publish","type":"page","link":"https:\/\/naturaparc.net\/ca\/experiencia-loris\/","title":{"rendered":"Experi\u00e8ncia Loris"},"content":{"rendered":"\t\t<div data-elementor-type=\"wp-page\" data-elementor-id=\"2925\" class=\"elementor elementor-2925 elementor-1218\" data-elementor-post-type=\"page\">\n\t\t\t\t<div class=\"elementor-element elementor-element-2cfccc7 e-con-full e-flex e-con e-parent\" data-id=\"2cfccc7\" data-element_type=\"container\" data-e-type=\"container\" data-settings=\"{&quot;background_background&quot;:&quot;classic&quot;}\">\n\t\t<div class=\"elementor-element elementor-element-9706eac e-flex e-con-boxed e-con e-child\" data-id=\"9706eac\" data-element_type=\"container\" data-e-type=\"container\">\n\t\t\t\t\t<div class=\"e-con-inner\">\n\t\t<div class=\"elementor-element elementor-element-2f93472 e-con-full e-flex e-con e-child\" data-id=\"2f93472\" data-element_type=\"container\" data-e-type=\"container\">\n\t\t\t\t<div class=\"elementor-element elementor-element-531623d elementor-widget elementor-widget-heading\" data-id=\"531623d\" data-element_type=\"widget\" data-e-type=\"widget\" data-widget_type=\"heading.default\">\n\t\t\t\t\t<span class=\"elementor-heading-title elementor-size-default\">Endinsa\u2019t en un arc de Sant Mart\u00ed vivent<\/span>\t\t\t\t<\/div>\n\t\t\t\t<div class=\"elementor-element elementor-element-3dce9a8 elementor-widget elementor-widget-heading\" data-id=\"3dce9a8\" data-element_type=\"widget\" data-e-type=\"widget\" data-widget_type=\"heading.default\">\n\t\t\t\t\t<h1 class=\"elementor-heading-title elementor-size-default\">Activitat familiar amb Loris Arco\u00edris al Natura Parc<\/h1>\t\t\t\t<\/div>\n\t\t\t\t<div class=\"elementor-element elementor-element-edc50a8 elementor-icon-list--layout-inline elementor-align-center elementor-list-item-link-full_width elementor-widget elementor-widget-icon-list\" data-id=\"edc50a8\" data-element_type=\"widget\" data-e-type=\"widget\" data-widget_type=\"icon-list.default\">\n\t\t\t\t\t\t\t<ul class=\"elementor-icon-list-items elementor-inline-items\">\n\t\t\t\t\t\t\t<li class=\"elementor-icon-list-item elementor-inline-item\">\n\t\t\t\t\t\t\t\t\t\t\t<span class=\"elementor-icon-list-icon\">\n\t\t\t\t\t\t\t<svg aria-hidden=\"true\" class=\"e-font-icon-svg e-far-clock\" viewBox=\"0 0 512 512\" xmlns=\"http:\/\/www.w3.org\/2000\/svg\"><path d=\"M256 8C119 8 8 119 8 256s111 248 248 248 248-111 248-248S393 8 256 8zm0 448c-110.5 0-200-89.5-200-200S145.5 56 256 56s200 89.5 200 200-89.5 200-200 200zm61.8-104.4l-84.9-61.7c-3.1-2.3-4.9-5.9-4.9-9.7V116c0-6.6 5.4-12 12-12h32c6.6 0 12 5.4 12 12v141.7l66.8 48.6c5.4 3.9 6.5 11.4 2.6 16.8L334.6 349c-3.9 5.3-11.4 6.5-16.8 2.6z\"><\/path><\/svg>\t\t\t\t\t\t<\/span>\n\t\t\t\t\t\t\t\t\t\t<span class=\"elementor-icon-list-text\">Uns 20 minuts aprox.<\/span>\n\t\t\t\t\t\t\t\t\t<\/li>\n\t\t\t\t\t\t\t\t<li class=\"elementor-icon-list-item elementor-inline-item\">\n\t\t\t\t\t\t\t\t\t\t\t<span class=\"elementor-icon-list-icon\">\n\t\t\t\t\t\t\t<svg aria-hidden=\"true\" class=\"e-font-icon-svg e-far-laugh-beam\" viewBox=\"0 0 496 512\" xmlns=\"http:\/\/www.w3.org\/2000\/svg\"><path d=\"M248 8C111 8 0 119 0 256s111 248 248 248 248-111 248-248S385 8 248 8zm141.4 389.4c-37.8 37.8-88 58.6-141.4 58.6s-103.6-20.8-141.4-58.6S48 309.4 48 256s20.8-103.6 58.6-141.4S194.6 56 248 56s103.6 20.8 141.4 58.6S448 202.6 448 256s-20.8 103.6-58.6 141.4zM328 152c-23.8 0-52.7 29.3-56 71.4-.7 8.6 10.8 11.9 14.9 4.5l9.5-17c7.7-13.7 19.2-21.6 31.5-21.6s23.8 7.9 31.5 21.6l9.5 17c4.1 7.4 15.6 4 14.9-4.5-3.1-42.1-32-71.4-55.8-71.4zm-201 75.9l9.5-17c7.7-13.7 19.2-21.6 31.5-21.6s23.8 7.9 31.5 21.6l9.5 17c4.1 7.4 15.6 4 14.9-4.5-3.3-42.1-32.2-71.4-56-71.4s-52.7 29.3-56 71.4c-.6 8.5 10.9 11.9 15.1 4.5zM362.4 288H133.6c-8.2 0-14.5 7-13.5 15 7.5 59.2 58.9 105 121.1 105h13.6c62.2 0 113.6-45.8 121.1-105 1-8-5.3-15-13.5-15z\"><\/path><\/svg>\t\t\t\t\t\t<\/span>\n\t\t\t\t\t\t\t\t\t\t<span class=\"elementor-icon-list-text\">A partir de 3 anys<\/span>\n\t\t\t\t\t\t\t\t\t<\/li>\n\t\t\t\t\t\t\t\t<li class=\"elementor-icon-list-item elementor-inline-item\">\n\t\t\t\t\t\t\t\t\t\t\t<span class=\"elementor-icon-list-icon\">\n\t\t\t\t\t\t\t<svg aria-hidden=\"true\" class=\"e-font-icon-svg e-fas-ticket-alt\" viewBox=\"0 0 576 512\" xmlns=\"http:\/\/www.w3.org\/2000\/svg\"><path d=\"M128 160h320v192H128V160zm400 96c0 26.51 21.49 48 48 48v96c0 26.51-21.49 48-48 48H48c-26.51 0-48-21.49-48-48v-96c26.51 0 48-21.49 48-48s-21.49-48-48-48v-96c0-26.51 21.49-48 48-48h480c26.51 0 48 21.49 48 48v96c-26.51 0-48 21.49-48 48zm-48-104c0-13.255-10.745-24-24-24H120c-13.255 0-24 10.745-24 24v208c0 13.255 10.745 24 24 24h336c13.255 0 24-10.745 24-24V152z\"><\/path><\/svg>\t\t\t\t\t\t<\/span>\n\t\t\t\t\t\t\t\t\t\t<span class=\"elementor-icon-list-text\">Incl\u00f2s amb l\u2019entrada<\/span>\n\t\t\t\t\t\t\t\t\t<\/li>\n\t\t\t\t\t\t<\/ul>\n\t\t\t\t\t\t<\/div>\n\t\t\t\t<\/div>\n\t\t\t\t\t<\/div>\n\t\t\t\t<\/div>\n\t\t\t\t<\/div>\n\t\t<div class=\"elementor-element elementor-element-db32a1f e-con-full e-flex e-con e-parent\" data-id=\"db32a1f\" data-element_type=\"container\" data-e-type=\"container\" data-settings=\"{&quot;background_background&quot;:&quot;classic&quot;}\">\n\t\t<div class=\"elementor-element elementor-element-610f53d e-con-full e-flex e-con e-child\" data-id=\"610f53d\" data-element_type=\"container\" data-e-type=\"container\" data-settings=\"{&quot;background_background&quot;:&quot;video&quot;,&quot;background_video_link&quot;:&quot;https:\\\/\\\/vimeo.com\\\/1114494072&quot;,&quot;background_play_on_mobile&quot;:&quot;yes&quot;}\">\n\t\t<div class=\"elementor-background-video-container\">\n\t\t\t\t\t\t\t<div class=\"elementor-background-video-embed\" role=\"presentation\"><\/div>\n\t\t\t\t\t\t<\/div>\t\t<\/div>\n\t\t<div class=\"elementor-element elementor-element-cb2ce6e e-con-full e-flex e-con e-child\" data-id=\"cb2ce6e\" data-element_type=\"container\" data-e-type=\"container\" data-settings=\"{&quot;background_background&quot;:&quot;classic&quot;}\">\n\t\t\t\t<div class=\"elementor-element elementor-element-43f70ec elementor-widget__width-initial elementor-widget elementor-widget-heading\" data-id=\"43f70ec\" data-element_type=\"widget\" data-e-type=\"widget\" data-widget_type=\"heading.default\">\n\t\t\t\t\t<h2 class=\"elementor-heading-title elementor-size-default\">Viu l\u2019emoci\u00f3 d\u2019estar envoltat de natura i color<\/h2>\t\t\t\t<\/div>\n\t\t\t\t<div class=\"elementor-element elementor-element-64287c3 elementor-widget__width-initial elementor-widget elementor-widget-heading\" data-id=\"64287c3\" data-element_type=\"widget\" data-e-type=\"widget\" data-widget_type=\"heading.default\">\n\t\t\t\t\t<h3 class=\"elementor-heading-title elementor-size-default\">Imagina entrar en un espai on desenes de petits lloros multicolors volen lliurement al teu voltan<\/h3>\t\t\t\t<\/div>\n\t\t\t\t<div class=\"elementor-element elementor-element-54af410 elementor-widget__width-initial elementor-widget elementor-widget-text-editor\" data-id=\"54af410\" data-element_type=\"widget\" data-e-type=\"widget\" data-widget_type=\"text-editor.default\">\n\t\t\t\t\t\t\t\t\t<p data-start=\"1907\" data-end=\"2091\">Entra al <strong data-start=\"1916\" data-end=\"1947\">volador dels loris Arco\u00edris<\/strong> i forma part del seu m\u00f3n tropical.<br data-start=\"1982\" data-end=\"1985\" \/>S\u2019acosten amb curiositat i mengen directament de les teves mans, oferint-te un moment m\u00e0gic i ple de vida.<\/p>\t\t\t\t\t\t\t\t<\/div>\n\t\t\t\t<\/div>\n\t\t\t\t<\/div>\n\t\t<div class=\"elementor-element elementor-element-274359f e-flex e-con-boxed e-con e-parent\" data-id=\"274359f\" data-element_type=\"container\" data-e-type=\"container\">\n\t\t\t\t\t<div class=\"e-con-inner\">\n\t\t\t\t<div class=\"elementor-element elementor-element-11fd1d7 elementor-widget elementor-widget-heading\" data-id=\"11fd1d7\" data-element_type=\"widget\" data-e-type=\"widget\" data-widget_type=\"heading.default\">\n\t\t\t\t\t<h2 class=\"elementor-heading-title elementor-size-default\">Apr\u00e8n mentre et diverteixes<\/h2>\t\t\t\t<\/div>\n\t\t\t\t<div class=\"elementor-element elementor-element-e67e2da elementor-widget elementor-widget-heading\" data-id=\"e67e2da\" data-element_type=\"widget\" data-e-type=\"widget\" data-widget_type=\"heading.default\">\n\t\t\t\t\t<h3 class=\"elementor-heading-title elementor-size-default\">Descobreix-ho amb el nostre equip:<\/h3>\t\t\t\t<\/div>\n\t\t<div class=\"elementor-element elementor-element-36e7018 e-con-full e-flex e-con e-child\" data-id=\"36e7018\" data-element_type=\"container\" data-e-type=\"container\">\n\t\t\t\t<div class=\"elementor-element elementor-element-dce8041 elementor-widget__width-initial elementor-widget-mobile__width-inherit elementor-position-top elementor-widget elementor-widget-image-box\" data-id=\"dce8041\" data-element_type=\"widget\" data-e-type=\"widget\" data-widget_type=\"image-box.default\">\n\t\t\t\t\t<div class=\"elementor-image-box-wrapper\"><figure class=\"elementor-image-box-img\"><img fetchpriority=\"high\" decoding=\"async\" width=\"640\" height=\"360\" src=\"https:\/\/naturaparc.net\/wp-content\/uploads\/2025\/07\/LORIS_04-768x432.webp\" class=\"attachment-medium_large size-medium_large wp-image-263\" alt=\"\" srcset=\"https:\/\/naturaparc.net\/wp-content\/uploads\/2025\/07\/LORIS_04-768x432.webp 768w, https:\/\/naturaparc.net\/wp-content\/uploads\/2025\/07\/LORIS_04-300x169.webp 300w, https:\/\/naturaparc.net\/wp-content\/uploads\/2025\/07\/LORIS_04-1024x576.webp 1024w, https:\/\/naturaparc.net\/wp-content\/uploads\/2025\/07\/LORIS_04.webp 1280w\" sizes=\"(max-width: 640px) 100vw, 640px\" \/><\/figure><div class=\"elementor-image-box-content\"><h3 class=\"elementor-image-box-title\">Coneix els seus h\u00e0bits<\/h3><p class=\"elementor-image-box-description\">Per qu\u00e8 els loris s\u00f3n considerats els veritables jardiners dels boscos en el seu h\u00e0bitat natural.<\/p><\/div><\/div>\t\t\t\t<\/div>\n\t\t\t\t<div class=\"elementor-element elementor-element-f590fdd elementor-widget__width-initial elementor-widget-mobile__width-inherit elementor-position-top elementor-widget elementor-widget-image-box\" data-id=\"f590fdd\" data-element_type=\"widget\" data-e-type=\"widget\" data-widget_type=\"image-box.default\">\n\t\t\t\t\t<div class=\"elementor-image-box-wrapper\"><figure class=\"elementor-image-box-img\"><img decoding=\"async\" width=\"640\" height=\"360\" src=\"https:\/\/naturaparc.net\/wp-content\/uploads\/2025\/07\/IMATGES_11-WEB-768x432.webp\" class=\"attachment-medium_large size-medium_large wp-image-228\" alt=\"\" srcset=\"https:\/\/naturaparc.net\/wp-content\/uploads\/2025\/07\/IMATGES_11-WEB-768x432.webp 768w, https:\/\/naturaparc.net\/wp-content\/uploads\/2025\/07\/IMATGES_11-WEB-300x169.webp 300w, https:\/\/naturaparc.net\/wp-content\/uploads\/2025\/07\/IMATGES_11-WEB-1024x576.webp 1024w, https:\/\/naturaparc.net\/wp-content\/uploads\/2025\/07\/IMATGES_11-WEB.webp 1280w\" sizes=\"(max-width: 640px) 100vw, 640px\" \/><\/figure><div class=\"elementor-image-box-content\"><h3 class=\"elementor-image-box-title\">Juga amb ells<\/h3><p class=\"elementor-image-box-description\">Qu\u00e8 els fa tan sociables i juganers.<\/p><\/div><\/div>\t\t\t\t<\/div>\n\t\t\t\t<div class=\"elementor-element elementor-element-c1bb905 elementor-widget__width-initial elementor-widget-mobile__width-inherit elementor-position-top elementor-widget elementor-widget-image-box\" data-id=\"c1bb905\" data-element_type=\"widget\" data-e-type=\"widget\" data-widget_type=\"image-box.default\">\n\t\t\t\t\t<div class=\"elementor-image-box-wrapper\"><figure class=\"elementor-image-box-img\"><img decoding=\"async\" width=\"640\" height=\"360\" src=\"https:\/\/naturaparc.net\/wp-content\/uploads\/2025\/07\/LORIS_01-768x432.webp\" class=\"attachment-medium_large size-medium_large wp-image-260\" alt=\"\" srcset=\"https:\/\/naturaparc.net\/wp-content\/uploads\/2025\/07\/LORIS_01-768x432.webp 768w, https:\/\/naturaparc.net\/wp-content\/uploads\/2025\/07\/LORIS_01-300x169.webp 300w, https:\/\/naturaparc.net\/wp-content\/uploads\/2025\/07\/LORIS_01-1024x576.webp 1024w, https:\/\/naturaparc.net\/wp-content\/uploads\/2025\/07\/LORIS_01.webp 1280w\" sizes=\"(max-width: 640px) 100vw, 640px\" \/><\/figure><div class=\"elementor-image-box-content\"><h3 class=\"elementor-image-box-title\">Ajuda\u2019ns a protegir-los<\/h3><p class=\"elementor-image-box-description\">Els reptes de conservaci\u00f3 que afronten i com els ajudem a prosperar.<\/p><\/div><\/div>\t\t\t\t<\/div>\n\t\t\t\t<\/div>\n\t\t\t\t\t<\/div>\n\t\t\t\t<\/div>\n\t\t<div class=\"elementor-element elementor-element-7021630 e-con-full e-flex e-con e-parent\" data-id=\"7021630\" data-element_type=\"container\" data-e-type=\"container\" data-settings=\"{&quot;background_background&quot;:&quot;classic&quot;}\">\n\t\t<div class=\"elementor-element elementor-element-df659b5 e-con-full e-flex e-con e-child\" data-id=\"df659b5\" data-element_type=\"container\" data-e-type=\"container\" data-settings=\"{&quot;background_background&quot;:&quot;classic&quot;}\">\n\t\t\t\t<\/div>\n\t\t<div class=\"elementor-element elementor-element-d6f348f e-con-full e-flex e-con e-child\" data-id=\"d6f348f\" data-element_type=\"container\" data-e-type=\"container\" data-settings=\"{&quot;background_background&quot;:&quot;classic&quot;}\">\n\t\t\t\t<div class=\"elementor-element elementor-element-6bedd00 elementor-widget__width-initial elementor-widget elementor-widget-heading\" data-id=\"6bedd00\" data-element_type=\"widget\" data-e-type=\"widget\" data-widget_type=\"heading.default\">\n\t\t\t\t\t<h2 class=\"elementor-heading-title elementor-size-default\">Una experi\u00e8ncia per a totes les edats<\/h2>\t\t\t\t<\/div>\n\t\t\t\t<div class=\"elementor-element elementor-element-b2abb85 elementor-widget__width-initial elementor-widget elementor-widget-heading\" data-id=\"b2abb85\" data-element_type=\"widget\" data-e-type=\"widget\" data-widget_type=\"heading.default\">\n\t\t\t\t\t<h3 class=\"elementor-heading-title elementor-size-default\">Ideal per a fam\u00edlies, amants dels ocells i fot\u00f2grafs de natura.\nAquest encontre t\u2019ofereix l\u2019oportunitat de connectar com mai abans amb aquests loris carism\u00e0tics.<\/h3>\t\t\t\t<\/div>\n\t\t\t\t<div class=\"elementor-element elementor-element-4d29892 elementor-icon-list--layout-inline elementor-align-start elementor-tablet-align-center elementor-list-item-link-full_width elementor-widget elementor-widget-icon-list\" data-id=\"4d29892\" data-element_type=\"widget\" data-e-type=\"widget\" data-widget_type=\"icon-list.default\">\n\t\t\t\t\t\t\t<ul class=\"elementor-icon-list-items elementor-inline-items\">\n\t\t\t\t\t\t\t<li class=\"elementor-icon-list-item elementor-inline-item\">\n\t\t\t\t\t\t\t\t\t\t\t<span class=\"elementor-icon-list-icon\">\n\t\t\t\t\t\t\t<svg aria-hidden=\"true\" class=\"e-font-icon-svg e-fas-hand-holding-heart\" viewBox=\"0 0 576 512\" xmlns=\"http:\/\/www.w3.org\/2000\/svg\"><path d=\"M275.3 250.5c7 7.4 18.4 7.4 25.5 0l108.9-114.2c31.6-33.2 29.8-88.2-5.6-118.8-30.8-26.7-76.7-21.9-104.9 7.7L288 36.9l-11.1-11.6C248.7-4.4 202.8-9.2 172 17.5c-35.3 30.6-37.2 85.6-5.6 118.8l108.9 114.2zm290 77.6c-11.8-10.7-30.2-10-42.6 0L430.3 402c-11.3 9.1-25.4 14-40 14H272c-8.8 0-16-7.2-16-16s7.2-16 16-16h78.3c15.9 0 30.7-10.9 33.3-26.6 3.3-20-12.1-37.4-31.6-37.4H192c-27 0-53.1 9.3-74.1 26.3L71.4 384H16c-8.8 0-16 7.2-16 16v96c0 8.8 7.2 16 16 16h356.8c14.5 0 28.6-4.9 40-14L564 377c15.2-12.1 16.4-35.3 1.3-48.9z\"><\/path><\/svg>\t\t\t\t\t\t<\/span>\n\t\t\t\t\t\t\t\t\t\t<span class=\"elementor-icon-list-text\">Col\u00b7labores directament amb el benestar dels animals del parc.<\/span>\n\t\t\t\t\t\t\t\t\t<\/li>\n\t\t\t\t\t\t\t\t<li class=\"elementor-icon-list-item elementor-inline-item\">\n\t\t\t\t\t\t\t\t\t\t\t<span class=\"elementor-icon-list-icon\">\n\t\t\t\t\t\t\t<svg aria-hidden=\"true\" class=\"e-font-icon-svg e-fas-heart\" viewBox=\"0 0 512 512\" xmlns=\"http:\/\/www.w3.org\/2000\/svg\"><path d=\"M462.3 62.6C407.5 15.9 326 24.3 275.7 76.2L256 96.5l-19.7-20.3C186.1 24.3 104.5 15.9 49.7 62.6c-62.8 53.6-66.1 149.8-9.9 207.9l193.5 199.8c12.5 12.9 32.8 12.9 45.3 0l193.5-199.8c56.3-58.1 53-154.3-9.8-207.9z\"><\/path><\/svg>\t\t\t\t\t\t<\/span>\n\t\t\t\t\t\t\t\t\t\t<span class=\"elementor-icon-list-text\">Ajudes als nostres programes d\u2019educaci\u00f3 ambiental i conservaci\u00f3.<\/span>\n\t\t\t\t\t\t\t\t\t<\/li>\n\t\t\t\t\t\t<\/ul>\n\t\t\t\t\t\t<\/div>\n\t\t\t\t<\/div>\n\t\t\t\t<\/div>\n\t\t\t\t<\/div>\n\t\t","protected":false},"excerpt":{"rendered":"<p>Endinsa\u2019t en un arc de Sant Mart\u00ed vivent Activitat familiar amb Loris Arco\u00edris al Natura Parc Uns 20 minuts aprox. A partir de 3 anys Incl\u00f2s amb l\u2019entrada Viu l\u2019emoci\u00f3 d\u2019estar envoltat de natura i color Imagina entrar en un espai on desenes de petits lloros multicolors volen lliurement al teu voltan Entra al volador [&hellip;]<\/p>\n","protected":false},"author":1,"featured_media":0,"parent":0,"menu_order":0,"comment_status":"closed","ping_status":"closed","template":"elementor_header_footer","meta":{"_acf_changed":false,"footnotes":""},"class_list":["post-2925","page","type-page","status-publish","hentry"],"acf":[],"yoast_head":"<!-- This site is optimized with the Yoast SEO plugin v27.5 - https:\/\/yoast.com\/product\/yoast-seo-wordpress\/ -->\n<title>Experi\u00e8ncia Loris - Natura Parc Mallorca<\/title>\n<meta name=\"robots\" content=\"index, follow, max-snippet:-1, max-image-preview:large, max-video-preview:-1\" \/>\n<link rel=\"canonical\" href=\"https:\/\/naturaparc.net\/ca\/experiencia-loris\/\" \/>\n<meta property=\"og:locale\" content=\"ca_ES\" \/>\n<meta property=\"og:type\" content=\"article\" \/>\n<meta property=\"og:title\" content=\"Experi\u00e8ncia Loris - Natura Parc Mallorca\" \/>\n<meta property=\"og:description\" content=\"Endinsa\u2019t en un arc de Sant Mart\u00ed vivent Activitat familiar amb Loris Arco\u00edris al Natura Parc Uns 20 minuts aprox. A partir de 3 anys Incl\u00f2s amb l\u2019entrada Viu l\u2019emoci\u00f3 d\u2019estar envoltat de natura i color Imagina entrar en un espai on desenes de petits lloros multicolors volen lliurement al teu voltan Entra al volador [&hellip;]\" \/>\n<meta property=\"og:url\" content=\"https:\/\/naturaparc.net\/ca\/experiencia-loris\/\" \/>\n<meta property=\"og:site_name\" content=\"Natura Parc Mallorca\" \/>\n<meta property=\"article:publisher\" content=\"https:\/\/www.facebook.com\/naturaparcmallorca\" \/>\n<meta property=\"article:modified_time\" content=\"2025-08-30T13:12:28+00:00\" \/>\n<meta property=\"og:image\" content=\"https:\/\/naturaparc.net\/wp-content\/uploads\/2025\/07\/LORIS_04.webp\" \/>\n\t<meta property=\"og:image:width\" content=\"1280\" \/>\n\t<meta property=\"og:image:height\" content=\"720\" \/>\n\t<meta property=\"og:image:type\" content=\"image\/webp\" \/>\n<meta name=\"twitter:card\" content=\"summary_large_image\" \/>\n<meta name=\"twitter:label1\" content=\"Temps estimat de lectura\" \/>\n\t<meta name=\"twitter:data1\" content=\"1 minut\" \/>\n<script type=\"application\/ld+json\" class=\"yoast-schema-graph\">{\"@context\":\"https:\\\/\\\/schema.org\",\"@graph\":[{\"@type\":\"WebPage\",\"@id\":\"https:\\\/\\\/naturaparc.net\\\/ca\\\/experiencia-loris\\\/\",\"url\":\"https:\\\/\\\/naturaparc.net\\\/ca\\\/experiencia-loris\\\/\",\"name\":\"Experi\u00e8ncia Loris - Natura Parc Mallorca\",\"isPartOf\":{\"@id\":\"https:\\\/\\\/naturaparc.net\\\/#website\"},\"primaryImageOfPage\":{\"@id\":\"https:\\\/\\\/naturaparc.net\\\/ca\\\/experiencia-loris\\\/#primaryimage\"},\"image\":{\"@id\":\"https:\\\/\\\/naturaparc.net\\\/ca\\\/experiencia-loris\\\/#primaryimage\"},\"thumbnailUrl\":\"https:\\\/\\\/naturaparc.net\\\/wp-content\\\/uploads\\\/2025\\\/07\\\/LORIS_04-768x432.webp\",\"datePublished\":\"2025-07-29T08:48:44+00:00\",\"dateModified\":\"2025-08-30T13:12:28+00:00\",\"breadcrumb\":{\"@id\":\"https:\\\/\\\/naturaparc.net\\\/ca\\\/experiencia-loris\\\/#breadcrumb\"},\"inLanguage\":\"ca\",\"potentialAction\":[{\"@type\":\"ReadAction\",\"target\":[\"https:\\\/\\\/naturaparc.net\\\/ca\\\/experiencia-loris\\\/\"]}]},{\"@type\":\"ImageObject\",\"inLanguage\":\"ca\",\"@id\":\"https:\\\/\\\/naturaparc.net\\\/ca\\\/experiencia-loris\\\/#primaryimage\",\"url\":\"https:\\\/\\\/naturaparc.net\\\/wp-content\\\/uploads\\\/2025\\\/07\\\/LORIS_04-768x432.webp\",\"contentUrl\":\"https:\\\/\\\/naturaparc.net\\\/wp-content\\\/uploads\\\/2025\\\/07\\\/LORIS_04-768x432.webp\"},{\"@type\":\"BreadcrumbList\",\"@id\":\"https:\\\/\\\/naturaparc.net\\\/ca\\\/experiencia-loris\\\/#breadcrumb\",\"itemListElement\":[{\"@type\":\"ListItem\",\"position\":1,\"name\":\"Portada\",\"item\":\"https:\\\/\\\/naturaparc.net\\\/\"},{\"@type\":\"ListItem\",\"position\":2,\"name\":\"Experi\u00e8ncia Loris\"}]},{\"@type\":\"WebSite\",\"@id\":\"https:\\\/\\\/naturaparc.net\\\/#website\",\"url\":\"https:\\\/\\\/naturaparc.net\\\/\",\"name\":\"Natura Parc Mallorca\",\"description\":\"Parque de animales y actividades familiares en Santa Eugenia, Mallorca.\",\"publisher\":{\"@id\":\"https:\\\/\\\/naturaparc.net\\\/#organization\"},\"potentialAction\":[{\"@type\":\"SearchAction\",\"target\":{\"@type\":\"EntryPoint\",\"urlTemplate\":\"https:\\\/\\\/naturaparc.net\\\/?s={search_term_string}\"},\"query-input\":{\"@type\":\"PropertyValueSpecification\",\"valueRequired\":true,\"valueName\":\"search_term_string\"}}],\"inLanguage\":\"ca\"},{\"@type\":\"Organization\",\"@id\":\"https:\\\/\\\/naturaparc.net\\\/#organization\",\"name\":\"Natura Parc Mallorca\",\"url\":\"https:\\\/\\\/naturaparc.net\\\/\",\"logo\":{\"@type\":\"ImageObject\",\"inLanguage\":\"ca\",\"@id\":\"https:\\\/\\\/naturaparc.net\\\/#\\\/schema\\\/logo\\\/image\\\/\",\"url\":\"https:\\\/\\\/naturaparc.net\\\/wp-content\\\/uploads\\\/2025\\\/07\\\/LOGO_Natura_Parc-1.png\",\"contentUrl\":\"https:\\\/\\\/naturaparc.net\\\/wp-content\\\/uploads\\\/2025\\\/07\\\/LOGO_Natura_Parc-1.png\",\"width\":1080,\"height\":861,\"caption\":\"Natura Parc Mallorca\"},\"image\":{\"@id\":\"https:\\\/\\\/naturaparc.net\\\/#\\\/schema\\\/logo\\\/image\\\/\"},\"sameAs\":[\"https:\\\/\\\/www.facebook.com\\\/naturaparcmallorca\",\"https:\\\/\\\/www.instagram.com\\\/naturaparcmallorca\\\/\",\"https:\\\/\\\/www.tripadvisor.es\\\/Attraction_Review-g1068070-d3320750-Reviews-Natura_Parc-Santa_Eugenia_Majorca_Balearic_Islands.html\"]}]}<\/script>\n<!-- \/ Yoast SEO plugin. -->","yoast_head_json":{"title":"Experi\u00e8ncia Loris - Natura Parc Mallorca","robots":{"index":"index","follow":"follow","max-snippet":"max-snippet:-1","max-image-preview":"max-image-preview:large","max-video-preview":"max-video-preview:-1"},"canonical":"https:\/\/naturaparc.net\/ca\/experiencia-loris\/","og_locale":"ca_ES","og_type":"article","og_title":"Experi\u00e8ncia Loris - Natura Parc Mallorca","og_description":"Endinsa\u2019t en un arc de Sant Mart\u00ed vivent Activitat familiar amb Loris Arco\u00edris al Natura Parc Uns 20 minuts aprox. A partir de 3 anys Incl\u00f2s amb l\u2019entrada Viu l\u2019emoci\u00f3 d\u2019estar envoltat de natura i color Imagina entrar en un espai on desenes de petits lloros multicolors volen lliurement al teu voltan Entra al volador [&hellip;]","og_url":"https:\/\/naturaparc.net\/ca\/experiencia-loris\/","og_site_name":"Natura Parc Mallorca","article_publisher":"https:\/\/www.facebook.com\/naturaparcmallorca","article_modified_time":"2025-08-30T13:12:28+00:00","og_image":[{"width":1280,"height":720,"url":"https:\/\/naturaparc.net\/wp-content\/uploads\/2025\/07\/LORIS_04.webp","type":"image\/webp"}],"twitter_card":"summary_large_image","twitter_misc":{"Temps estimat de lectura":"1 minut"},"schema":{"@context":"https:\/\/schema.org","@graph":[{"@type":"WebPage","@id":"https:\/\/naturaparc.net\/ca\/experiencia-loris\/","url":"https:\/\/naturaparc.net\/ca\/experiencia-loris\/","name":"Experi\u00e8ncia Loris - Natura Parc Mallorca","isPartOf":{"@id":"https:\/\/naturaparc.net\/#website"},"primaryImageOfPage":{"@id":"https:\/\/naturaparc.net\/ca\/experiencia-loris\/#primaryimage"},"image":{"@id":"https:\/\/naturaparc.net\/ca\/experiencia-loris\/#primaryimage"},"thumbnailUrl":"https:\/\/naturaparc.net\/wp-content\/uploads\/2025\/07\/LORIS_04-768x432.webp","datePublished":"2025-07-29T08:48:44+00:00","dateModified":"2025-08-30T13:12:28+00:00","breadcrumb":{"@id":"https:\/\/naturaparc.net\/ca\/experiencia-loris\/#breadcrumb"},"inLanguage":"ca","potentialAction":[{"@type":"ReadAction","target":["https:\/\/naturaparc.net\/ca\/experiencia-loris\/"]}]},{"@type":"ImageObject","inLanguage":"ca","@id":"https:\/\/naturaparc.net\/ca\/experiencia-loris\/#primaryimage","url":"https:\/\/naturaparc.net\/wp-content\/uploads\/2025\/07\/LORIS_04-768x432.webp","contentUrl":"https:\/\/naturaparc.net\/wp-content\/uploads\/2025\/07\/LORIS_04-768x432.webp"},{"@type":"BreadcrumbList","@id":"https:\/\/naturaparc.net\/ca\/experiencia-loris\/#breadcrumb","itemListElement":[{"@type":"ListItem","position":1,"name":"Portada","item":"https:\/\/naturaparc.net\/"},{"@type":"ListItem","position":2,"name":"Experi\u00e8ncia Loris"}]},{"@type":"WebSite","@id":"https:\/\/naturaparc.net\/#website","url":"https:\/\/naturaparc.net\/","name":"Natura Parc Mallorca","description":"Parque de animales y actividades familiares en Santa Eugenia, Mallorca.","publisher":{"@id":"https:\/\/naturaparc.net\/#organization"},"potentialAction":[{"@type":"SearchAction","target":{"@type":"EntryPoint","urlTemplate":"https:\/\/naturaparc.net\/?s={search_term_string}"},"query-input":{"@type":"PropertyValueSpecification","valueRequired":true,"valueName":"search_term_string"}}],"inLanguage":"ca"},{"@type":"Organization","@id":"https:\/\/naturaparc.net\/#organization","name":"Natura Parc Mallorca","url":"https:\/\/naturaparc.net\/","logo":{"@type":"ImageObject","inLanguage":"ca","@id":"https:\/\/naturaparc.net\/#\/schema\/logo\/image\/","url":"https:\/\/naturaparc.net\/wp-content\/uploads\/2025\/07\/LOGO_Natura_Parc-1.png","contentUrl":"https:\/\/naturaparc.net\/wp-content\/uploads\/2025\/07\/LOGO_Natura_Parc-1.png","width":1080,"height":861,"caption":"Natura Parc Mallorca"},"image":{"@id":"https:\/\/naturaparc.net\/#\/schema\/logo\/image\/"},"sameAs":["https:\/\/www.facebook.com\/naturaparcmallorca","https:\/\/www.instagram.com\/naturaparcmallorca\/","https:\/\/www.tripadvisor.es\/Attraction_Review-g1068070-d3320750-Reviews-Natura_Parc-Santa_Eugenia_Majorca_Balearic_Islands.html"]}]}},"_links":{"self":[{"href":"https:\/\/naturaparc.net\/ca\/wp-json\/wp\/v2\/pages\/2925","targetHints":{"allow":["GET"]}}],"collection":[{"href":"https:\/\/naturaparc.net\/ca\/wp-json\/wp\/v2\/pages"}],"about":[{"href":"https:\/\/naturaparc.net\/ca\/wp-json\/wp\/v2\/types\/page"}],"author":[{"embeddable":true,"href":"https:\/\/naturaparc.net\/ca\/wp-json\/wp\/v2\/users\/1"}],"replies":[{"embeddable":true,"href":"https:\/\/naturaparc.net\/ca\/wp-json\/wp\/v2\/comments?post=2925"}],"version-history":[{"count":13,"href":"https:\/\/naturaparc.net\/ca\/wp-json\/wp\/v2\/pages\/2925\/revisions"}],"predecessor-version":[{"id":3429,"href":"https:\/\/naturaparc.net\/ca\/wp-json\/wp\/v2\/pages\/2925\/revisions\/3429"}],"wp:attachment":[{"href":"https:\/\/naturaparc.net\/ca\/wp-json\/wp\/v2\/media?parent=2925"}],"curies":[{"name":"wp","href":"https:\/\/api.w.org\/{rel}","templated":true}]}}