{"id":3023,"date":"2025-07-09T17:39:52","date_gmt":"2025-07-09T17:39:52","guid":{"rendered":"https:\/\/naturaparc.net\/noticias\/"},"modified":"2025-08-29T20:37:38","modified_gmt":"2025-08-29T20:37:38","slug":"noticies","status":"publish","type":"page","link":"https:\/\/naturaparc.net\/ca\/noticies\/","title":{"rendered":"Not\u00edcies"},"content":{"rendered":"\t\t<div data-elementor-type=\"wp-page\" data-elementor-id=\"3023\" class=\"elementor elementor-3023 elementor-50\" data-elementor-post-type=\"page\">\n\t\t\t\t<div class=\"elementor-element elementor-element-79dfec7 e-con-full e-flex e-con e-parent\" data-id=\"79dfec7\" data-element_type=\"container\" data-e-type=\"container\" data-settings=\"{&quot;background_background&quot;:&quot;classic&quot;}\">\n\t\t<div class=\"elementor-element elementor-element-af1f1e6 e-flex e-con-boxed e-con e-child\" data-id=\"af1f1e6\" data-element_type=\"container\" data-e-type=\"container\" data-settings=\"{&quot;shape_divider_bottom&quot;:&quot;waves&quot;}\">\n\t\t\t\t\t<div class=\"e-con-inner\">\n\t\t\t\t<div class=\"elementor-shape elementor-shape-bottom\" aria-hidden=\"true\" data-negative=\"false\">\n\t\t\t<svg xmlns=\"http:\/\/www.w3.org\/2000\/svg\" viewBox=\"0 0 1000 100\" preserveAspectRatio=\"none\">\n\t<path class=\"elementor-shape-fill\" d=\"M421.9,6.5c22.6-2.5,51.5,0.4,75.5,5.3c23.6,4.9,70.9,23.5,100.5,35.7c75.8,32.2,133.7,44.5,192.6,49.7\n\tc23.6,2.1,48.7,3.5,103.4-2.5c54.7-6,106.2-25.6,106.2-25.6V0H0v30.3c0,0,72,32.6,158.4,30.5c39.2-0.7,92.8-6.7,134-22.4\n\tc21.2-8.1,52.2-18.2,79.7-24.2C399.3,7.9,411.6,7.5,421.9,6.5z\"\/>\n<\/svg>\t\t<\/div>\n\t\t<div class=\"elementor-element elementor-element-be74f2d e-con-full e-flex e-con e-child\" data-id=\"be74f2d\" data-element_type=\"container\" data-e-type=\"container\">\n\t\t\t\t<div class=\"elementor-element elementor-element-e18e3be elementor-widget elementor-widget-heading\" data-id=\"e18e3be\" data-element_type=\"widget\" data-e-type=\"widget\" data-widget_type=\"heading.default\">\n\t\t\t\t\t<h1 class=\"elementor-heading-title elementor-size-default\">Not\u00edcies i Comunicats<\/h1>\t\t\t\t<\/div>\n\t\t\t\t<\/div>\n\t\t\t\t\t<\/div>\n\t\t\t\t<\/div>\n\t\t\t\t<\/div>\n\t\t<div class=\"elementor-element elementor-element-023a41c e-flex e-con-boxed e-con e-parent\" data-id=\"023a41c\" data-element_type=\"container\" data-e-type=\"container\">\n\t\t\t\t\t<div class=\"e-con-inner\">\n\t\t<div class=\"elementor-element elementor-element-dd5389b e-con-full e-flex e-con e-child\" data-id=\"dd5389b\" data-element_type=\"container\" data-e-type=\"container\">\n\t\t\t\t<div class=\"elementor-element elementor-element-a986ea8 elementor-grid-3 elementor-grid-tablet-2 elementor-grid-mobile-1 elementor-posts--thumbnail-top elementor-card-shadow-yes elementor-posts__hover-gradient elementor-widget elementor-widget-posts\" data-id=\"a986ea8\" data-element_type=\"widget\" data-e-type=\"widget\" data-settings=\"{&quot;cards_columns&quot;:&quot;3&quot;,&quot;cards_columns_tablet&quot;:&quot;2&quot;,&quot;cards_columns_mobile&quot;:&quot;1&quot;,&quot;cards_row_gap&quot;:{&quot;unit&quot;:&quot;px&quot;,&quot;size&quot;:35,&quot;sizes&quot;:[]},&quot;cards_row_gap_tablet&quot;:{&quot;unit&quot;:&quot;px&quot;,&quot;size&quot;:&quot;&quot;,&quot;sizes&quot;:[]},&quot;cards_row_gap_mobile&quot;:{&quot;unit&quot;:&quot;px&quot;,&quot;size&quot;:&quot;&quot;,&quot;sizes&quot;:[]}}\" data-widget_type=\"posts.cards\">\n\t\t\t\t<div class=\"elementor-widget-container\">\n\t\t\t\t\t\t\t<div class=\"elementor-posts-container elementor-posts elementor-posts--skin-cards elementor-grid\" role=\"list\">\r\n\t\t\t\t<article class=\"elementor-post elementor-grid-item post-3925 post type-post status-publish format-standard has-post-thumbnail hentry category-novedades-ca tag-educacion-ambiental-ca tag-experiencias-ca tag-interaccion-con-animales-2-ca tag-lemures-ca\" role=\"listitem\">\r\n\t\t\t<div class=\"elementor-post__card\">\r\n\t\t\t\t<a class=\"elementor-post__thumbnail__link\" href=\"https:\/\/naturaparc.net\/ca\/pase-lemures-mallorca-santa-eugenia\/\" tabindex=\"-1\" ><div class=\"elementor-post__thumbnail\"><img fetchpriority=\"high\" decoding=\"async\" width=\"300\" height=\"200\" src=\"https:\/\/naturaparc.net\/wp-content\/uploads\/2025\/12\/LEMURES-1-300x200.jpg\" class=\"attachment-medium size-medium wp-image-3849\" alt=\"Lemures comiendo\" srcset=\"https:\/\/naturaparc.net\/wp-content\/uploads\/2025\/12\/LEMURES-1-300x200.jpg 300w, https:\/\/naturaparc.net\/wp-content\/uploads\/2025\/12\/LEMURES-1-1024x683.jpg 1024w, https:\/\/naturaparc.net\/wp-content\/uploads\/2025\/12\/LEMURES-1-768x512.jpg 768w, https:\/\/naturaparc.net\/wp-content\/uploads\/2025\/12\/LEMURES-1-1536x1024.jpg 1536w, https:\/\/naturaparc.net\/wp-content\/uploads\/2025\/12\/LEMURES-1-2048x1365.jpg 2048w\" sizes=\"(max-width: 300px) 100vw, 300px\" \/><\/div><\/a>\r\n\t\t\t\t<div class=\"elementor-post__badge\">Novedades<\/div>\r\n\t\t\t\t<div class=\"elementor-post__text\">\r\n\t\t\t\t<h3 class=\"elementor-post__title\">\r\n\t\t\t<a href=\"https:\/\/naturaparc.net\/ca\/pase-lemures-mallorca-santa-eugenia\/\" >\r\n\t\t\t\tEmpiezan los pases de alimentaci\u00f3n de l\u00e9mures en Natura Parc\t\t\t<\/a>\r\n\t\t<\/h3>\r\n\t\t\t\t<div class=\"elementor-post__excerpt\">\r\n\t\t\t<p>Hay experiencias que no se olvidan. Nuestro Pase de L\u00e9mures en Mallorca es una actividad exclusiva en la que entras a una zona llena de<\/p>\n\t\t<\/div>\r\n\t\t\r\n\t\t<a class=\"elementor-post__read-more\" href=\"https:\/\/naturaparc.net\/ca\/pase-lemures-mallorca-santa-eugenia\/\" aria-label=\"Read more about Empiezan los pases de alimentaci\u00f3n de l\u00e9mures en Natura Parc\" tabindex=\"-1\" >\r\n\t\t\tLlegeix m\u00e9s\t\t<\/a>\r\n\r\n\t\t\t\t<\/div>\r\n\t\t\t\t<div class=\"elementor-post__meta-data\">\r\n\t\t\t\t\t<span class=\"elementor-post-date\">\r\n\t\t\tdesembre 16, 2025\t\t<\/span>\r\n\t\t\t\t<\/div>\r\n\t\t\t\t\t<\/div>\r\n\t\t<\/article>\r\n\t\t\t\t<article class=\"elementor-post elementor-grid-item post-3268 post type-post status-publish format-standard has-post-thumbnail hentry category-benvinguda\" role=\"listitem\">\r\n\t\t\t<div class=\"elementor-post__card\">\r\n\t\t\t\t<a class=\"elementor-post__thumbnail__link\" href=\"https:\/\/naturaparc.net\/ca\/estrenamos-nueva-web-en-natura-parc-mallorca\/\" tabindex=\"-1\" ><div class=\"elementor-post__thumbnail\"><img decoding=\"async\" width=\"300\" height=\"169\" src=\"https:\/\/naturaparc.net\/wp-content\/uploads\/2025\/07\/LORIS_03-1-300x169.webp\" class=\"attachment-medium size-medium wp-image-2543\" alt=\"\" srcset=\"https:\/\/naturaparc.net\/wp-content\/uploads\/2025\/07\/LORIS_03-1-300x169.webp 300w, https:\/\/naturaparc.net\/wp-content\/uploads\/2025\/07\/LORIS_03-1-1024x576.webp 1024w, https:\/\/naturaparc.net\/wp-content\/uploads\/2025\/07\/LORIS_03-1-768x432.webp 768w, https:\/\/naturaparc.net\/wp-content\/uploads\/2025\/07\/LORIS_03-1.webp 1280w\" sizes=\"(max-width: 300px) 100vw, 300px\" \/><\/div><\/a>\r\n\t\t\t\t<div class=\"elementor-post__badge\">Benvinguda<\/div>\r\n\t\t\t\t<div class=\"elementor-post__text\">\r\n\t\t\t\t<h3 class=\"elementor-post__title\">\r\n\t\t\t<a href=\"https:\/\/naturaparc.net\/ca\/estrenamos-nueva-web-en-natura-parc-mallorca\/\" >\r\n\t\t\t\tEstrenam nova web a Natura Parc Mallorca!\t\t\t<\/a>\r\n\t\t<\/h3>\r\n\t\t\t\t<div class=\"elementor-post__excerpt\">\r\n\t\t\t<p>Descubre el nuevo sitio web de Natura Parc: m\u00e1s visual, m\u00e1s r\u00e1pido y pensado para ti. Consulta horarios, compra entradas, conoce a los animales y disfruta de nuevas experiencias interactivas en familia.<\/p>\n\t\t<\/div>\r\n\t\t\r\n\t\t<a class=\"elementor-post__read-more\" href=\"https:\/\/naturaparc.net\/ca\/estrenamos-nueva-web-en-natura-parc-mallorca\/\" aria-label=\"Read more about Estrenam nova web a Natura Parc Mallorca!\" tabindex=\"-1\" >\r\n\t\t\tLlegeix m\u00e9s\t\t<\/a>\r\n\r\n\t\t\t\t<\/div>\r\n\t\t\t\t<div class=\"elementor-post__meta-data\">\r\n\t\t\t\t\t<span class=\"elementor-post-date\">\r\n\t\t\tjuliol 29, 2025\t\t<\/span>\r\n\t\t\t\t<\/div>\r\n\t\t\t\t\t<\/div>\r\n\t\t<\/article>\r\n\t\t\t\t<\/div>\r\n\t\t\r\n\t\t\t\t\t\t<\/div>\n\t\t\t\t<\/div>\n\t\t\t\t<\/div>\n\t\t\t\t\t<\/div>\n\t\t\t\t<\/div>\n\t\t\t\t<\/div>\n\t\t","protected":false},"excerpt":{"rendered":"<p>Not\u00edcies i Comunicats<\/p>\n","protected":false},"author":1,"featured_media":0,"parent":0,"menu_order":0,"comment_status":"closed","ping_status":"closed","template":"elementor_header_footer","meta":{"_acf_changed":false,"footnotes":""},"class_list":["post-3023","page","type-page","status-publish","hentry"],"acf":[],"yoast_head":"<!-- This site is optimized with the Yoast SEO plugin v27.5 - https:\/\/yoast.com\/product\/yoast-seo-wordpress\/ -->\n<title>Not\u00edcies - Natura Parc Mallorca<\/title>\n<meta name=\"robots\" content=\"index, follow, max-snippet:-1, max-image-preview:large, max-video-preview:-1\" \/>\n<link rel=\"canonical\" href=\"https:\/\/naturaparc.net\/ca\/noticies\/\" \/>\n<meta property=\"og:locale\" content=\"ca_ES\" \/>\n<meta property=\"og:type\" content=\"article\" \/>\n<meta property=\"og:title\" content=\"Not\u00edcies - Natura Parc Mallorca\" \/>\n<meta property=\"og:description\" content=\"Not\u00edcies i Comunicats\" \/>\n<meta property=\"og:url\" content=\"https:\/\/naturaparc.net\/ca\/noticies\/\" \/>\n<meta property=\"og:site_name\" content=\"Natura Parc Mallorca\" \/>\n<meta property=\"article:publisher\" content=\"https:\/\/www.facebook.com\/naturaparcmallorca\" \/>\n<meta property=\"article:modified_time\" content=\"2025-08-29T20:37:38+00:00\" \/>\n<meta name=\"twitter:card\" content=\"summary_large_image\" \/>\n<script type=\"application\/ld+json\" class=\"yoast-schema-graph\">{\"@context\":\"https:\\\/\\\/schema.org\",\"@graph\":[{\"@type\":\"WebPage\",\"@id\":\"https:\\\/\\\/naturaparc.net\\\/ca\\\/noticies\\\/\",\"url\":\"https:\\\/\\\/naturaparc.net\\\/ca\\\/noticies\\\/\",\"name\":\"Not\u00edcies - Natura Parc Mallorca\",\"isPartOf\":{\"@id\":\"https:\\\/\\\/naturaparc.net\\\/#website\"},\"datePublished\":\"2025-07-09T17:39:52+00:00\",\"dateModified\":\"2025-08-29T20:37:38+00:00\",\"breadcrumb\":{\"@id\":\"https:\\\/\\\/naturaparc.net\\\/ca\\\/noticies\\\/#breadcrumb\"},\"inLanguage\":\"ca\",\"potentialAction\":[{\"@type\":\"ReadAction\",\"target\":[\"https:\\\/\\\/naturaparc.net\\\/ca\\\/noticies\\\/\"]}]},{\"@type\":\"BreadcrumbList\",\"@id\":\"https:\\\/\\\/naturaparc.net\\\/ca\\\/noticies\\\/#breadcrumb\",\"itemListElement\":[{\"@type\":\"ListItem\",\"position\":1,\"name\":\"Portada\",\"item\":\"https:\\\/\\\/naturaparc.net\\\/\"},{\"@type\":\"ListItem\",\"position\":2,\"name\":\"Not\u00edcies\"}]},{\"@type\":\"WebSite\",\"@id\":\"https:\\\/\\\/naturaparc.net\\\/#website\",\"url\":\"https:\\\/\\\/naturaparc.net\\\/\",\"name\":\"Natura Parc Mallorca\",\"description\":\"Parque de animales y actividades familiares en Santa Eugenia, Mallorca.\",\"publisher\":{\"@id\":\"https:\\\/\\\/naturaparc.net\\\/#organization\"},\"potentialAction\":[{\"@type\":\"SearchAction\",\"target\":{\"@type\":\"EntryPoint\",\"urlTemplate\":\"https:\\\/\\\/naturaparc.net\\\/?s={search_term_string}\"},\"query-input\":{\"@type\":\"PropertyValueSpecification\",\"valueRequired\":true,\"valueName\":\"search_term_string\"}}],\"inLanguage\":\"ca\"},{\"@type\":\"Organization\",\"@id\":\"https:\\\/\\\/naturaparc.net\\\/#organization\",\"name\":\"Natura Parc Mallorca\",\"url\":\"https:\\\/\\\/naturaparc.net\\\/\",\"logo\":{\"@type\":\"ImageObject\",\"inLanguage\":\"ca\",\"@id\":\"https:\\\/\\\/naturaparc.net\\\/#\\\/schema\\\/logo\\\/image\\\/\",\"url\":\"https:\\\/\\\/naturaparc.net\\\/wp-content\\\/uploads\\\/2025\\\/07\\\/LOGO_Natura_Parc-1.png\",\"contentUrl\":\"https:\\\/\\\/naturaparc.net\\\/wp-content\\\/uploads\\\/2025\\\/07\\\/LOGO_Natura_Parc-1.png\",\"width\":1080,\"height\":861,\"caption\":\"Natura Parc Mallorca\"},\"image\":{\"@id\":\"https:\\\/\\\/naturaparc.net\\\/#\\\/schema\\\/logo\\\/image\\\/\"},\"sameAs\":[\"https:\\\/\\\/www.facebook.com\\\/naturaparcmallorca\",\"https:\\\/\\\/www.instagram.com\\\/naturaparcmallorca\\\/\",\"https:\\\/\\\/www.tripadvisor.es\\\/Attraction_Review-g1068070-d3320750-Reviews-Natura_Parc-Santa_Eugenia_Majorca_Balearic_Islands.html\"]}]}<\/script>\n<!-- \/ Yoast SEO plugin. -->","yoast_head_json":{"title":"Not\u00edcies - Natura Parc Mallorca","robots":{"index":"index","follow":"follow","max-snippet":"max-snippet:-1","max-image-preview":"max-image-preview:large","max-video-preview":"max-video-preview:-1"},"canonical":"https:\/\/naturaparc.net\/ca\/noticies\/","og_locale":"ca_ES","og_type":"article","og_title":"Not\u00edcies - Natura Parc Mallorca","og_description":"Not\u00edcies i Comunicats","og_url":"https:\/\/naturaparc.net\/ca\/noticies\/","og_site_name":"Natura Parc Mallorca","article_publisher":"https:\/\/www.facebook.com\/naturaparcmallorca","article_modified_time":"2025-08-29T20:37:38+00:00","twitter_card":"summary_large_image","schema":{"@context":"https:\/\/schema.org","@graph":[{"@type":"WebPage","@id":"https:\/\/naturaparc.net\/ca\/noticies\/","url":"https:\/\/naturaparc.net\/ca\/noticies\/","name":"Not\u00edcies - Natura Parc Mallorca","isPartOf":{"@id":"https:\/\/naturaparc.net\/#website"},"datePublished":"2025-07-09T17:39:52+00:00","dateModified":"2025-08-29T20:37:38+00:00","breadcrumb":{"@id":"https:\/\/naturaparc.net\/ca\/noticies\/#breadcrumb"},"inLanguage":"ca","potentialAction":[{"@type":"ReadAction","target":["https:\/\/naturaparc.net\/ca\/noticies\/"]}]},{"@type":"BreadcrumbList","@id":"https:\/\/naturaparc.net\/ca\/noticies\/#breadcrumb","itemListElement":[{"@type":"ListItem","position":1,"name":"Portada","item":"https:\/\/naturaparc.net\/"},{"@type":"ListItem","position":2,"name":"Not\u00edcies"}]},{"@type":"WebSite","@id":"https:\/\/naturaparc.net\/#website","url":"https:\/\/naturaparc.net\/","name":"Natura Parc Mallorca","description":"Parque de animales y actividades familiares en Santa Eugenia, Mallorca.","publisher":{"@id":"https:\/\/naturaparc.net\/#organization"},"potentialAction":[{"@type":"SearchAction","target":{"@type":"EntryPoint","urlTemplate":"https:\/\/naturaparc.net\/?s={search_term_string}"},"query-input":{"@type":"PropertyValueSpecification","valueRequired":true,"valueName":"search_term_string"}}],"inLanguage":"ca"},{"@type":"Organization","@id":"https:\/\/naturaparc.net\/#organization","name":"Natura Parc Mallorca","url":"https:\/\/naturaparc.net\/","logo":{"@type":"ImageObject","inLanguage":"ca","@id":"https:\/\/naturaparc.net\/#\/schema\/logo\/image\/","url":"https:\/\/naturaparc.net\/wp-content\/uploads\/2025\/07\/LOGO_Natura_Parc-1.png","contentUrl":"https:\/\/naturaparc.net\/wp-content\/uploads\/2025\/07\/LOGO_Natura_Parc-1.png","width":1080,"height":861,"caption":"Natura Parc Mallorca"},"image":{"@id":"https:\/\/naturaparc.net\/#\/schema\/logo\/image\/"},"sameAs":["https:\/\/www.facebook.com\/naturaparcmallorca","https:\/\/www.instagram.com\/naturaparcmallorca\/","https:\/\/www.tripadvisor.es\/Attraction_Review-g1068070-d3320750-Reviews-Natura_Parc-Santa_Eugenia_Majorca_Balearic_Islands.html"]}]}},"_links":{"self":[{"href":"https:\/\/naturaparc.net\/ca\/wp-json\/wp\/v2\/pages\/3023","targetHints":{"allow":["GET"]}}],"collection":[{"href":"https:\/\/naturaparc.net\/ca\/wp-json\/wp\/v2\/pages"}],"about":[{"href":"https:\/\/naturaparc.net\/ca\/wp-json\/wp\/v2\/types\/page"}],"author":[{"embeddable":true,"href":"https:\/\/naturaparc.net\/ca\/wp-json\/wp\/v2\/users\/1"}],"replies":[{"embeddable":true,"href":"https:\/\/naturaparc.net\/ca\/wp-json\/wp\/v2\/comments?post=3023"}],"version-history":[{"count":7,"href":"https:\/\/naturaparc.net\/ca\/wp-json\/wp\/v2\/pages\/3023\/revisions"}],"predecessor-version":[{"id":3303,"href":"https:\/\/naturaparc.net\/ca\/wp-json\/wp\/v2\/pages\/3023\/revisions\/3303"}],"wp:attachment":[{"href":"https:\/\/naturaparc.net\/ca\/wp-json\/wp\/v2\/media?parent=3023"}],"curies":[{"name":"wp","href":"https:\/\/api.w.org\/{rel}","templated":true}]}}