{"id":3054,"date":"2025-07-09T17:39:30","date_gmt":"2025-07-09T17:39:30","guid":{"rendered":"https:\/\/naturaparc.net\/animales\/"},"modified":"2025-08-29T20:17:17","modified_gmt":"2025-08-29T20:17:17","slug":"animals","status":"publish","type":"page","link":"https:\/\/naturaparc.net\/ca\/animals\/","title":{"rendered":"Animals"},"content":{"rendered":"\t\t<div data-elementor-type=\"wp-page\" data-elementor-id=\"3054\" class=\"elementor elementor-3054 elementor-46\" data-elementor-post-type=\"page\">\n\t\t\t\t<div class=\"elementor-element elementor-element-b0ffd75 e-flex e-con-boxed e-con e-parent\" data-id=\"b0ffd75\" data-element_type=\"container\" data-e-type=\"container\">\n\t\t\t\t\t<div class=\"e-con-inner\">\n\t\t\t\t<div class=\"elementor-element elementor-element-701d703 elementor-widget elementor-widget-heading\" data-id=\"701d703\" data-element_type=\"widget\" data-e-type=\"widget\" data-widget_type=\"heading.default\">\n\t\t\t\t\t<span class=\"elementor-heading-title elementor-size-default\">Coneix els animals de Natura Parc<\/span>\t\t\t\t<\/div>\n\t\t\t\t<div class=\"elementor-element elementor-element-4e867a6 elementor-widget elementor-widget-heading\" data-id=\"4e867a6\" data-element_type=\"widget\" data-e-type=\"widget\" data-widget_type=\"heading.default\">\n\t\t\t\t\t<h1 class=\"elementor-heading-title elementor-size-default\">Descobreix alguns dels animals que trobar\u00e0s al nostre parc.<\/h1>\t\t\t\t<\/div>\n\t\t<div class=\"elementor-element elementor-element-a58bbd2 e-con-full e-flex e-con e-child\" data-id=\"a58bbd2\" data-element_type=\"container\" data-e-type=\"container\">\n\t\t<div class=\"elementor-element elementor-element-f891c14 e-con-full e-transform e-flex e-con e-child\" data-id=\"f891c14\" data-element_type=\"container\" data-e-type=\"container\" id=\"boton1\" data-settings=\"{&quot;background_background&quot;:&quot;classic&quot;,&quot;_transform_scale_effect_hover&quot;:{&quot;unit&quot;:&quot;px&quot;,&quot;size&quot;:1.03,&quot;sizes&quot;:[]},&quot;_transform_scale_effect_hover_tablet&quot;:{&quot;unit&quot;:&quot;px&quot;,&quot;size&quot;:&quot;&quot;,&quot;sizes&quot;:[]},&quot;_transform_scale_effect_hover_mobile&quot;:{&quot;unit&quot;:&quot;px&quot;,&quot;size&quot;:&quot;&quot;,&quot;sizes&quot;:[]}}\">\n\t\t<div class=\"elementor-element elementor-element-fff6bb4 e-con-full e-flex e-con e-child\" data-id=\"fff6bb4\" data-element_type=\"container\" data-e-type=\"container\" data-settings=\"{&quot;background_background&quot;:&quot;classic&quot;}\">\n\t\t\t\t<div class=\"elementor-element elementor-element-d70deba elementor-widget elementor-widget-heading\" data-id=\"d70deba\" data-element_type=\"widget\" data-e-type=\"widget\" data-widget_type=\"heading.default\">\n\t\t\t\t\t<h4 class=\"elementor-heading-title elementor-size-default\">AUS<\/h4>\t\t\t\t<\/div>\n\t\t\t\t<\/div>\n\t\t\t\t<\/div>\n\t\t<div class=\"elementor-element elementor-element-b6a3a93 e-con-full e-transform e-flex e-con e-child\" data-id=\"b6a3a93\" data-element_type=\"container\" data-e-type=\"container\" id=\"boton2\" data-settings=\"{&quot;background_background&quot;:&quot;classic&quot;,&quot;_transform_scale_effect_hover&quot;:{&quot;unit&quot;:&quot;px&quot;,&quot;size&quot;:1.03,&quot;sizes&quot;:[]},&quot;_transform_scale_effect_hover_tablet&quot;:{&quot;unit&quot;:&quot;px&quot;,&quot;size&quot;:&quot;&quot;,&quot;sizes&quot;:[]},&quot;_transform_scale_effect_hover_mobile&quot;:{&quot;unit&quot;:&quot;px&quot;,&quot;size&quot;:&quot;&quot;,&quot;sizes&quot;:[]}}\">\n\t\t<div class=\"elementor-element elementor-element-c3ef614 e-con-full e-flex e-con e-child\" data-id=\"c3ef614\" data-element_type=\"container\" data-e-type=\"container\" data-settings=\"{&quot;background_background&quot;:&quot;classic&quot;}\">\n\t\t\t\t<div class=\"elementor-element elementor-element-99a39bd elementor-widget elementor-widget-heading\" data-id=\"99a39bd\" data-element_type=\"widget\" data-e-type=\"widget\" data-widget_type=\"heading.default\">\n\t\t\t\t\t<h4 class=\"elementor-heading-title elementor-size-default\">MAM\u00cdFERS<\/h4>\t\t\t\t<\/div>\n\t\t\t\t<\/div>\n\t\t\t\t<\/div>\n\t\t<div class=\"elementor-element elementor-element-880939a e-con-full e-transform e-flex e-con e-child\" data-id=\"880939a\" data-element_type=\"container\" data-e-type=\"container\" id=\"boton3\" data-settings=\"{&quot;background_background&quot;:&quot;classic&quot;,&quot;_transform_scale_effect_hover&quot;:{&quot;unit&quot;:&quot;px&quot;,&quot;size&quot;:1.03,&quot;sizes&quot;:[]},&quot;_transform_scale_effect_hover_tablet&quot;:{&quot;unit&quot;:&quot;px&quot;,&quot;size&quot;:&quot;&quot;,&quot;sizes&quot;:[]},&quot;_transform_scale_effect_hover_mobile&quot;:{&quot;unit&quot;:&quot;px&quot;,&quot;size&quot;:&quot;&quot;,&quot;sizes&quot;:[]}}\">\n\t\t<div class=\"elementor-element elementor-element-09fe683 e-con-full e-flex e-con e-child\" data-id=\"09fe683\" data-element_type=\"container\" data-e-type=\"container\" data-settings=\"{&quot;background_background&quot;:&quot;classic&quot;}\">\n\t\t\t\t<div class=\"elementor-element elementor-element-4f066b9 elementor-widget elementor-widget-heading\" data-id=\"4f066b9\" data-element_type=\"widget\" data-e-type=\"widget\" data-widget_type=\"heading.default\">\n\t\t\t\t\t<h4 class=\"elementor-heading-title elementor-size-default\">R\u00c8PTILS<\/h4>\t\t\t\t<\/div>\n\t\t\t\t<\/div>\n\t\t\t\t<\/div>\n\t\t\t\t<\/div>\n\t\t\t\t<div class=\"elementor-element elementor-element-195531d elementor-widget elementor-widget-html\" data-id=\"195531d\" data-element_type=\"widget\" data-e-type=\"widget\" data-widget_type=\"html.default\">\n\t\t\t\t\t<script>\r\ndocument.addEventListener('DOMContentLoaded', function(){\r\n  \/\/ Mapeo ID \u21d2 URL\r\n  var enlaces = {\r\n    boton1: 'https:\/\/naturaparc.net\/ca\/grupo-animal\/aus\/',\r\n    boton2: 'https:\/\/naturaparc.net\/ca\/grupo-animal\/mamifers\/',\r\n    boton3: 'https:\/\/naturaparc.net\/ca\/grupo-animal\/reptils\/'\r\n  };\r\n\r\n  \/\/ Recorre cada ID y asigna el evento click\r\n  Object.keys(enlaces).forEach(function(id){\r\n    var el = document.getElementById(id);\r\n    if ( el ) {\r\n      el.style.cursor = 'pointer';\r\n      el.addEventListener('click', function(){\r\n        window.location.href = enlaces[id];\r\n      });\r\n    }\r\n  });\r\n});\r\n<\/script>\r\n\t\t\t\t<\/div>\n\t\t\t\t\t<\/div>\n\t\t\t\t<\/div>\n\t\t\t\t<\/div>\n\t\t","protected":false},"excerpt":{"rendered":"<p>Coneix els animals de Natura Parc Descobreix alguns dels animals que trobar\u00e0s al nostre parc. AUS MAM\u00cdFERS R\u00c8PTILS<\/p>\n","protected":false},"author":1,"featured_media":0,"parent":0,"menu_order":0,"comment_status":"closed","ping_status":"closed","template":"elementor_header_footer","meta":{"_acf_changed":false,"footnotes":""},"class_list":["post-3054","page","type-page","status-publish","hentry"],"acf":[],"yoast_head":"<!-- This site is optimized with the Yoast SEO plugin v27.5 - https:\/\/yoast.com\/product\/yoast-seo-wordpress\/ -->\n<title>Animals - Natura Parc Mallorca<\/title>\n<meta name=\"robots\" content=\"index, follow, max-snippet:-1, max-image-preview:large, max-video-preview:-1\" \/>\n<link rel=\"canonical\" href=\"https:\/\/naturaparc.net\/ca\/animals\/\" \/>\n<meta property=\"og:locale\" content=\"ca_ES\" \/>\n<meta property=\"og:type\" content=\"article\" \/>\n<meta property=\"og:title\" content=\"Animals - Natura Parc Mallorca\" \/>\n<meta property=\"og:description\" content=\"Coneix els animals de Natura Parc Descobreix alguns dels animals que trobar\u00e0s al nostre parc. AUS MAM\u00cdFERS R\u00c8PTILS\" \/>\n<meta property=\"og:url\" content=\"https:\/\/naturaparc.net\/ca\/animals\/\" \/>\n<meta property=\"og:site_name\" content=\"Natura Parc Mallorca\" \/>\n<meta property=\"article:publisher\" content=\"https:\/\/www.facebook.com\/naturaparcmallorca\" \/>\n<meta property=\"article:modified_time\" content=\"2025-08-29T20:17:17+00:00\" \/>\n<meta name=\"twitter:card\" content=\"summary_large_image\" \/>\n<script type=\"application\/ld+json\" class=\"yoast-schema-graph\">{\"@context\":\"https:\\\/\\\/schema.org\",\"@graph\":[{\"@type\":\"WebPage\",\"@id\":\"https:\\\/\\\/naturaparc.net\\\/ca\\\/animals\\\/\",\"url\":\"https:\\\/\\\/naturaparc.net\\\/ca\\\/animals\\\/\",\"name\":\"Animals - Natura Parc Mallorca\",\"isPartOf\":{\"@id\":\"https:\\\/\\\/naturaparc.net\\\/#website\"},\"datePublished\":\"2025-07-09T17:39:30+00:00\",\"dateModified\":\"2025-08-29T20:17:17+00:00\",\"breadcrumb\":{\"@id\":\"https:\\\/\\\/naturaparc.net\\\/ca\\\/animals\\\/#breadcrumb\"},\"inLanguage\":\"ca\",\"potentialAction\":[{\"@type\":\"ReadAction\",\"target\":[\"https:\\\/\\\/naturaparc.net\\\/ca\\\/animals\\\/\"]}]},{\"@type\":\"BreadcrumbList\",\"@id\":\"https:\\\/\\\/naturaparc.net\\\/ca\\\/animals\\\/#breadcrumb\",\"itemListElement\":[{\"@type\":\"ListItem\",\"position\":1,\"name\":\"Portada\",\"item\":\"https:\\\/\\\/naturaparc.net\\\/\"},{\"@type\":\"ListItem\",\"position\":2,\"name\":\"Animals\"}]},{\"@type\":\"WebSite\",\"@id\":\"https:\\\/\\\/naturaparc.net\\\/#website\",\"url\":\"https:\\\/\\\/naturaparc.net\\\/\",\"name\":\"Natura Parc Mallorca\",\"description\":\"Parque de animales y actividades familiares en Santa Eugenia, Mallorca.\",\"publisher\":{\"@id\":\"https:\\\/\\\/naturaparc.net\\\/#organization\"},\"potentialAction\":[{\"@type\":\"SearchAction\",\"target\":{\"@type\":\"EntryPoint\",\"urlTemplate\":\"https:\\\/\\\/naturaparc.net\\\/?s={search_term_string}\"},\"query-input\":{\"@type\":\"PropertyValueSpecification\",\"valueRequired\":true,\"valueName\":\"search_term_string\"}}],\"inLanguage\":\"ca\"},{\"@type\":\"Organization\",\"@id\":\"https:\\\/\\\/naturaparc.net\\\/#organization\",\"name\":\"Natura Parc Mallorca\",\"url\":\"https:\\\/\\\/naturaparc.net\\\/\",\"logo\":{\"@type\":\"ImageObject\",\"inLanguage\":\"ca\",\"@id\":\"https:\\\/\\\/naturaparc.net\\\/#\\\/schema\\\/logo\\\/image\\\/\",\"url\":\"https:\\\/\\\/naturaparc.net\\\/wp-content\\\/uploads\\\/2025\\\/07\\\/LOGO_Natura_Parc-1.png\",\"contentUrl\":\"https:\\\/\\\/naturaparc.net\\\/wp-content\\\/uploads\\\/2025\\\/07\\\/LOGO_Natura_Parc-1.png\",\"width\":1080,\"height\":861,\"caption\":\"Natura Parc Mallorca\"},\"image\":{\"@id\":\"https:\\\/\\\/naturaparc.net\\\/#\\\/schema\\\/logo\\\/image\\\/\"},\"sameAs\":[\"https:\\\/\\\/www.facebook.com\\\/naturaparcmallorca\",\"https:\\\/\\\/www.instagram.com\\\/naturaparcmallorca\\\/\",\"https:\\\/\\\/www.tripadvisor.es\\\/Attraction_Review-g1068070-d3320750-Reviews-Natura_Parc-Santa_Eugenia_Majorca_Balearic_Islands.html\"]}]}<\/script>\n<!-- \/ Yoast SEO plugin. -->","yoast_head_json":{"title":"Animals - Natura Parc Mallorca","robots":{"index":"index","follow":"follow","max-snippet":"max-snippet:-1","max-image-preview":"max-image-preview:large","max-video-preview":"max-video-preview:-1"},"canonical":"https:\/\/naturaparc.net\/ca\/animals\/","og_locale":"ca_ES","og_type":"article","og_title":"Animals - Natura Parc Mallorca","og_description":"Coneix els animals de Natura Parc Descobreix alguns dels animals que trobar\u00e0s al nostre parc. AUS MAM\u00cdFERS R\u00c8PTILS","og_url":"https:\/\/naturaparc.net\/ca\/animals\/","og_site_name":"Natura Parc Mallorca","article_publisher":"https:\/\/www.facebook.com\/naturaparcmallorca","article_modified_time":"2025-08-29T20:17:17+00:00","twitter_card":"summary_large_image","schema":{"@context":"https:\/\/schema.org","@graph":[{"@type":"WebPage","@id":"https:\/\/naturaparc.net\/ca\/animals\/","url":"https:\/\/naturaparc.net\/ca\/animals\/","name":"Animals - Natura Parc Mallorca","isPartOf":{"@id":"https:\/\/naturaparc.net\/#website"},"datePublished":"2025-07-09T17:39:30+00:00","dateModified":"2025-08-29T20:17:17+00:00","breadcrumb":{"@id":"https:\/\/naturaparc.net\/ca\/animals\/#breadcrumb"},"inLanguage":"ca","potentialAction":[{"@type":"ReadAction","target":["https:\/\/naturaparc.net\/ca\/animals\/"]}]},{"@type":"BreadcrumbList","@id":"https:\/\/naturaparc.net\/ca\/animals\/#breadcrumb","itemListElement":[{"@type":"ListItem","position":1,"name":"Portada","item":"https:\/\/naturaparc.net\/"},{"@type":"ListItem","position":2,"name":"Animals"}]},{"@type":"WebSite","@id":"https:\/\/naturaparc.net\/#website","url":"https:\/\/naturaparc.net\/","name":"Natura Parc Mallorca","description":"Parque de animales y actividades familiares en Santa Eugenia, Mallorca.","publisher":{"@id":"https:\/\/naturaparc.net\/#organization"},"potentialAction":[{"@type":"SearchAction","target":{"@type":"EntryPoint","urlTemplate":"https:\/\/naturaparc.net\/?s={search_term_string}"},"query-input":{"@type":"PropertyValueSpecification","valueRequired":true,"valueName":"search_term_string"}}],"inLanguage":"ca"},{"@type":"Organization","@id":"https:\/\/naturaparc.net\/#organization","name":"Natura Parc Mallorca","url":"https:\/\/naturaparc.net\/","logo":{"@type":"ImageObject","inLanguage":"ca","@id":"https:\/\/naturaparc.net\/#\/schema\/logo\/image\/","url":"https:\/\/naturaparc.net\/wp-content\/uploads\/2025\/07\/LOGO_Natura_Parc-1.png","contentUrl":"https:\/\/naturaparc.net\/wp-content\/uploads\/2025\/07\/LOGO_Natura_Parc-1.png","width":1080,"height":861,"caption":"Natura Parc Mallorca"},"image":{"@id":"https:\/\/naturaparc.net\/#\/schema\/logo\/image\/"},"sameAs":["https:\/\/www.facebook.com\/naturaparcmallorca","https:\/\/www.instagram.com\/naturaparcmallorca\/","https:\/\/www.tripadvisor.es\/Attraction_Review-g1068070-d3320750-Reviews-Natura_Parc-Santa_Eugenia_Majorca_Balearic_Islands.html"]}]}},"_links":{"self":[{"href":"https:\/\/naturaparc.net\/ca\/wp-json\/wp\/v2\/pages\/3054","targetHints":{"allow":["GET"]}}],"collection":[{"href":"https:\/\/naturaparc.net\/ca\/wp-json\/wp\/v2\/pages"}],"about":[{"href":"https:\/\/naturaparc.net\/ca\/wp-json\/wp\/v2\/types\/page"}],"author":[{"embeddable":true,"href":"https:\/\/naturaparc.net\/ca\/wp-json\/wp\/v2\/users\/1"}],"replies":[{"embeddable":true,"href":"https:\/\/naturaparc.net\/ca\/wp-json\/wp\/v2\/comments?post=3054"}],"version-history":[{"count":16,"href":"https:\/\/naturaparc.net\/ca\/wp-json\/wp\/v2\/pages\/3054\/revisions"}],"predecessor-version":[{"id":3258,"href":"https:\/\/naturaparc.net\/ca\/wp-json\/wp\/v2\/pages\/3054\/revisions\/3258"}],"wp:attachment":[{"href":"https:\/\/naturaparc.net\/ca\/wp-json\/wp\/v2\/media?parent=3054"}],"curies":[{"name":"wp","href":"https:\/\/api.w.org\/{rel}","templated":true}]}}